{"id":332,"date":"2022-03-01T05:20:09","date_gmt":"2022-03-01T04:20:09","guid":{"rendered":"https:\/\/www.web110.s188.goserver.host\/?page_id=332"},"modified":"2024-09-26T16:04:46","modified_gmt":"2024-09-26T14:04:46","slug":"standorte-oeffnungszeiten","status":"publish","type":"page","link":"https:\/\/kleine-konditorei.com\/?page_id=332","title":{"rendered":"Hier kommen Sie auf Ihren Geschmack!"},"content":{"rendered":"\n<h2 class=\"wp-block-heading has-text-align-center has-text-color\" style=\"color:#826924\"><strong>In unseren Filialen gibt es die Frische <\/strong><br><strong>gratis dazu.<\/strong><\/h2>\n\n\n\n<figure class=\"wp-block-image size-large\"><img loading=\"lazy\" decoding=\"async\" width=\"1024\" height=\"167\" src=\"https:\/\/kleine-konditorei.com\/wp-content\/uploads\/2022\/07\/S-Cashback_Banner-Paket_368x60-1-1024x167.gif\" alt=\"\" class=\"wp-image-920\" srcset=\"https:\/\/kleine-konditorei.com\/wp-content\/uploads\/2022\/07\/S-Cashback_Banner-Paket_368x60-1-1024x167.gif 1024w, https:\/\/kleine-konditorei.com\/wp-content\/uploads\/2022\/07\/S-Cashback_Banner-Paket_368x60-1-300x49.gif 300w, https:\/\/kleine-konditorei.com\/wp-content\/uploads\/2022\/07\/S-Cashback_Banner-Paket_368x60-1-768x125.gif 768w\" sizes=\"auto, (max-width: 767px) 89vw, (max-width: 1000px) 54vw, (max-width: 1071px) 543px, 580px\" \/><\/figure>\n\n\n\n<p class=\"has-drop-cap has-text-color\" style=\"color:#826924\">Sie finden unsere <strong>die kleine konditorei-Filialen<\/strong> sternenf\u00f6rmig verteilt in Eimsb\u00fcttel \u2013 am besten Sie gehen Ihrer Nase nach und folgen dem k\u00f6stlichen Backduft. Dann k\u00f6nnen Sie <strong>die kleine konditorei<\/strong> gar nicht verfehlen.&nbsp;All unsere vier Filialen befinden sich n\u00e4mlich in unmittelbarer N\u00e4he zu unserer modernen Backstube. Dies bedeutet kurze Auslieferungswege und vor allem garantiert knackfrische Backwaren.<\/p>\n\n\n\n<p class=\"has-text-color\" style=\"color:#826924\">Nat\u00fcrlich k\u00f6nnen Sie auch alles, was wir Ihnen bieten, bei uns vorbestellen. Gern nehmen wir ihre Bestellungen am Vortag bis 16 Uhr pers\u00f6nlich in einer unserer Filiale oder telefonisch entgegen.&nbsp;An Feiertagen k\u00f6nnen unsere Bestellfristen ver\u00e4ndert sein, bitte beachten Sie hierzu unsere Aush\u00e4nge in den Filialen oder sprechen Sie uns fr\u00fchzeitig an.<\/p>\n\n\n\n<div class=\"wp-block-group has-background\" style=\"background-color:#826924\"><div class=\"wp-block-group__inner-container is-layout-flow wp-block-group-is-layout-flow\">\n<h1 class=\"wp-block-heading has-text-align-center has-black-color has-text-color\"><strong>Unsere \u00d6ffnungszeiten an Feiertagen<\/strong><strong>:<\/strong><\/h1>\n\n\n\n<h3 class=\"wp-block-heading has-text-align-left has-white-color has-text-color\">1. Mai 2026 (Tag der Arbeit)<\/h3>\n\n\n\n<p>7:30 -18:00 Uhr (in der Warnstedtstra\u00dfe bis 12.00 Uhr \/ <br>in der Lutterothstra\u00dfe bis 17:00 Uhr)<\/p>\n\n\n\n<h3 class=\"wp-block-heading has-text-align-left has-white-color has-text-color\">14. Mai 2026 (Himmelfahrt)<\/h3>\n\n\n\n<p>7:30 -18:00 Uhr (in der Warnstedtstra\u00dfe bis 12.00 Uhr \/ <br>in der Lutterothstra\u00dfe bis 17:00 Uhr)<\/p>\n\n\n\n<h3 class=\"wp-block-heading has-text-align-left has-white-color has-text-color\">24. Mai 2026 (Pfingstsonntag)<\/h3>\n\n\n\n<p>7:30 -14:00 Uhr (in der Warnstedtstra\u00dfe bis 12.00 Uhr)<\/p>\n\n\n\n<h3 class=\"wp-block-heading has-text-align-left has-white-color has-text-color\">25. Mai 2026 (Pfingstmontag)<\/h3>\n\n\n\n<p>7:30 -14:00 Uhr nur in der Filiale Osterstra\u00dfe &#8211; alle anderen Filialen bleiben geschlossen<\/p>\n<\/div><\/div>\n\n\n\n<figure class=\"wp-block-gallery has-nested-images columns-4 is-cropped wp-block-gallery-1 is-layout-flex wp-block-gallery-is-layout-flex\">\n<figure class=\"wp-block-image size-large is-style-default\"><a href=\"https:\/\/www.web110.s188.goserver.host\/?page_id=536\" target=\"_blank\" rel=\"noopener\"><img loading=\"lazy\" decoding=\"async\" width=\"500\" height=\"260\" data-id=\"529\" src=\"https:\/\/www.web110.s188.goserver.host\/wp-content\/uploads\/2022\/03\/Langenfelder.jpeg\" alt=\"\" class=\"wp-image-529\" srcset=\"https:\/\/kleine-konditorei.com\/wp-content\/uploads\/2022\/03\/Langenfelder.jpeg 500w, https:\/\/kleine-konditorei.com\/wp-content\/uploads\/2022\/03\/Langenfelder-300x156.jpeg 300w\" sizes=\"auto, (max-width: 500px) 100vw, 500px\" \/><\/a><figcaption class=\"wp-element-caption\">Langenfelder Damm<\/figcaption><\/figure>\n\n\n\n<figure class=\"wp-block-image size-large is-style-default\"><a href=\"https:\/\/www.web110.s188.goserver.host\/?page_id=560\" target=\"_blank\" rel=\"noopener\"><img loading=\"lazy\" decoding=\"async\" width=\"500\" height=\"260\" data-id=\"530\" src=\"https:\/\/www.web110.s188.goserver.host\/wp-content\/uploads\/2022\/03\/Lutteroth.jpeg\" alt=\"\" class=\"wp-image-530\" srcset=\"https:\/\/kleine-konditorei.com\/wp-content\/uploads\/2022\/03\/Lutteroth.jpeg 500w, https:\/\/kleine-konditorei.com\/wp-content\/uploads\/2022\/03\/Lutteroth-300x156.jpeg 300w\" sizes=\"auto, (max-width: 500px) 100vw, 500px\" \/><\/a><figcaption class=\"wp-element-caption\">Lutterothstra\u00dfe<\/figcaption><\/figure>\n\n\n\n<figure class=\"wp-block-image size-large is-style-default\"><a href=\"https:\/\/www.web110.s188.goserver.host\/?page_id=585\" target=\"_blank\" rel=\"noopener\"><img loading=\"lazy\" decoding=\"async\" width=\"500\" height=\"260\" data-id=\"531\" src=\"https:\/\/www.web110.s188.goserver.host\/wp-content\/uploads\/2022\/03\/csm_Filialen_Aussen4_68cb16c2ba-1.jpeg\" alt=\"\" class=\"wp-image-531\" srcset=\"https:\/\/kleine-konditorei.com\/wp-content\/uploads\/2022\/03\/csm_Filialen_Aussen4_68cb16c2ba-1.jpeg 500w, https:\/\/kleine-konditorei.com\/wp-content\/uploads\/2022\/03\/csm_Filialen_Aussen4_68cb16c2ba-1-300x156.jpeg 300w\" sizes=\"auto, (max-width: 500px) 100vw, 500px\" \/><\/a><figcaption class=\"wp-element-caption\">Osterstra\u00dfe<\/figcaption><\/figure>\n\n\n\n<figure class=\"wp-block-image size-large is-style-default\"><a href=\"https:\/\/www.web110.s188.goserver.host\/?page_id=600\" target=\"_blank\" rel=\"noopener\"><img loading=\"lazy\" decoding=\"async\" width=\"500\" height=\"260\" data-id=\"532\" src=\"https:\/\/www.web110.s188.goserver.host\/wp-content\/uploads\/2022\/03\/csm_Filialen_Aussen_7c4c52006e-1.jpeg\" alt=\"\" class=\"wp-image-532\" srcset=\"https:\/\/kleine-konditorei.com\/wp-content\/uploads\/2022\/03\/csm_Filialen_Aussen_7c4c52006e-1.jpeg 500w, https:\/\/kleine-konditorei.com\/wp-content\/uploads\/2022\/03\/csm_Filialen_Aussen_7c4c52006e-1-300x156.jpeg 300w\" sizes=\"auto, (max-width: 500px) 100vw, 500px\" \/><\/a><figcaption class=\"wp-element-caption\">Warnstedtstra\u00dfe<\/figcaption><\/figure>\n<figcaption class=\"blocks-gallery-caption wp-element-caption\"><mark style=\"background-color:rgba(0, 0, 0, 0)\" class=\"has-inline-color has-white-color\">Einfach auf das Filialbild klicken und zu den \u00d6ffnungszeiten gelangen<\/mark><\/figcaption><\/figure>\n","protected":false},"excerpt":{"rendered":"<p>In unseren Filialen gibt es die Frische gratis dazu. Sie finden unsere die kleine konditorei-Filialen sternenf\u00f6rmig verteilt in Eimsb\u00fcttel \u2013 am besten Sie gehen Ihrer Nase nach und folgen dem k\u00f6stlichen Backduft. Dann k\u00f6nnen Sie die kleine konditorei gar nicht verfehlen.&nbsp;All unsere vier Filialen befinden sich n\u00e4mlich in unmittelbarer N\u00e4he zu unserer modernen Backstube. Dies &hellip; <\/p>\n<p class=\"link-more\"><a href=\"https:\/\/kleine-konditorei.com\/?page_id=332\" class=\"more-link\"><span class=\"screen-reader-text\">\u201eHier kommen Sie auf Ihren Geschmack!\u201c<\/span> weiterlesen<\/a><\/p>\n","protected":false},"author":1,"featured_media":469,"parent":0,"menu_order":0,"comment_status":"closed","ping_status":"closed","template":"","meta":{"footnotes":""},"class_list":["post-332","page","type-page","status-publish","has-post-thumbnail","hentry"],"_links":{"self":[{"href":"https:\/\/kleine-konditorei.com\/index.php?rest_route=\/wp\/v2\/pages\/332","targetHints":{"allow":["GET"]}}],"collection":[{"href":"https:\/\/kleine-konditorei.com\/index.php?rest_route=\/wp\/v2\/pages"}],"about":[{"href":"https:\/\/kleine-konditorei.com\/index.php?rest_route=\/wp\/v2\/types\/page"}],"author":[{"embeddable":true,"href":"https:\/\/kleine-konditorei.com\/index.php?rest_route=\/wp\/v2\/users\/1"}],"replies":[{"embeddable":true,"href":"https:\/\/kleine-konditorei.com\/index.php?rest_route=%2Fwp%2Fv2%2Fcomments&post=332"}],"version-history":[{"count":55,"href":"https:\/\/kleine-konditorei.com\/index.php?rest_route=\/wp\/v2\/pages\/332\/revisions"}],"predecessor-version":[{"id":1140,"href":"https:\/\/kleine-konditorei.com\/index.php?rest_route=\/wp\/v2\/pages\/332\/revisions\/1140"}],"wp:featuredmedia":[{"embeddable":true,"href":"https:\/\/kleine-konditorei.com\/index.php?rest_route=\/wp\/v2\/media\/469"}],"wp:attachment":[{"href":"https:\/\/kleine-konditorei.com\/index.php?rest_route=%2Fwp%2Fv2%2Fmedia&parent=332"}],"curies":[{"name":"wp","href":"https:\/\/api.w.org\/{rel}","templated":true}]}}